{"id":759,"date":"2011-08-07T17:00:35","date_gmt":"2011-08-07T15:00:35","guid":{"rendered":"http:\/\/www.evaherzig.com\/eva\/?page_id=759"},"modified":"2023-12-01T16:00:13","modified_gmt":"2023-12-01T15:00:13","slug":"impressum","status":"publish","type":"page","link":"https:\/\/www.evaherzig.com\/en\/impressum\/","title":{"rendered":"Imprint"},"content":{"rendered":"<p style=\"text-align: center;\"><strong>Courage Management<br \/>\n<\/strong>c\/o Mara Schmidt<br \/>\nSchivelbeiner Stra\u00dfe,10439 Berlin<\/p>\n<p style=\"text-align: center;\">T +49 176 84 99 42 79<\/p>\n<p style=\"text-align: center;\"><a href=\"mailto:couragemgmt@outlook.com\">couragemgmt@outlook.com<\/a><\/p>\n<h3 style=\"text-align: center;\"><\/h3>\n<h3 style=\"text-align: center;\">Autogramme<\/h3>\n<p style=\"text-align: center;\">Autogrammw\u00fcnsche richten Sie bitte an die o.g. Adresse.<br \/>\nBitte frankierten R\u00fcckumschlag nicht vergessen.<\/p>\n<h3 style=\"text-align: center;\"><\/h3>\n<h3 style=\"text-align: center;\">Quellennachweis Fotos<\/h3>\n<p style=\"text-align: center;\">Joachim Gern, Claudio Alessandri, Suzy St\u00f6ckl, bigshot.at\/Christian Jungwirth, Studio Zehn20,\u00a0 Ulrik H\u00f6lzel, Alois Endl, ZDF, ARD, ORF.<\/p>\n<h3 style=\"text-align: center;\"><\/h3>\n<h3 style=\"text-align: center;\">Haftungsausschluss<\/h3>\n<p style=\"text-align: center;\">Eva Herzig \u00fcbernimmt f\u00fcr die Richtigkeit, Vollst\u00e4ndigkeit und Aktualit\u00e4t der auf dieser Website bereitgestellten Informationen keine Garantie.<br \/>\nDie Haftung f\u00fcr Sch\u00e4den, die durch die Nutzung der dargebotenen Informationen bzw. durch die Nutzung fehlerhafter und unvollst\u00e4ndiger Informationen verursacht worden sind, ist im gesetzlich zul\u00e4ssigen Rahmen ausgeschlossen.<\/p>\n<p style=\"text-align: center;\">Dies gilt gleicherma\u00dfen f\u00fcr alle Hyperlinks, auf die diese Webseite verweist.<\/p>\n<h3 style=\"text-align: center;\"><\/h3>\n<h3 style=\"text-align: center;\">Urheberrecht<\/h3>\n<p style=\"text-align: center;\">S\u00e4mtliche ver\u00f6ffentlichten Beitr\u00e4ge, Texte, Fotos, Abbildungen bzw. Dateien auf der Eva Herzig Homepage sind urheberrechtlich gesch\u00fctzt. Jegliche Reproduktion oder Nutzung au\u00dferhalb dieser Homepage bedarf der vorherigen, ausdr\u00fccklichen und schriftlichen Genehmigung.<\/p>","protected":false},"excerpt":{"rendered":"<p>Courage Management c\/o Mara Schmidt Schivelbeiner Stra\u00dfe,10439 Berlin T +49 176 84 99 42 79 couragemgmt@outlook.com Autogramme Autogrammw\u00fcnsche richten Sie bitte an die o.g. Adresse. Bitte frankierten R\u00fcckumschlag nicht vergessen. Quellennachweis Fotos Joachim Gern, Claudio Alessandri, Suzy St\u00f6ckl, bigshot.at\/Christian Jungwirth, Studio Zehn20,\u00a0 Ulrik H\u00f6lzel, Alois Endl, ZDF, ARD, ORF. Haftungsausschluss Eva Herzig \u00fcbernimmt f\u00fcr die [&hellip;]<\/p>","protected":false},"author":2,"featured_media":0,"parent":0,"menu_order":0,"comment_status":"closed","ping_status":"closed","template":"","meta":{"footnotes":""},"yoast_head":"<!-- This site is optimized with the Yoast SEO plugin v21.6 - https:\/\/yoast.com\/wordpress\/plugins\/seo\/ -->\n<title>Impressum | Eva Herzig<\/title>\n<meta name=\"description\" content=\"Eva Herzig Impressum und Kontaktdaten.\" \/>\n<meta name=\"robots\" content=\"index, follow, max-snippet:-1, max-image-preview:large, max-video-preview:-1\" \/>\n<link rel=\"canonical\" href=\"https:\/\/www.evaherzig.com\/en\/impressum\/\" \/>\n<meta property=\"og:locale\" content=\"en_US\" \/>\n<meta property=\"og:type\" content=\"article\" \/>\n<meta property=\"og:title\" content=\"Impressum | Eva Herzig\" \/>\n<meta property=\"og:description\" content=\"Eva Herzig Impressum und Kontaktdaten.\" \/>\n<meta property=\"og:url\" content=\"https:\/\/www.evaherzig.com\/en\/impressum\/\" \/>\n<meta property=\"og:site_name\" content=\"EVA HERZIG\" \/>\n<meta property=\"article:modified_time\" content=\"2023-12-01T15:00:13+00:00\" \/>\n<meta name=\"twitter:label1\" content=\"Est. reading time\" \/>\n\t<meta name=\"twitter:data1\" content=\"1 minute\" \/>\n<script type=\"application\/ld+json\" class=\"yoast-schema-graph\">{\"@context\":\"https:\/\/schema.org\",\"@graph\":[{\"@type\":\"WebPage\",\"@id\":\"https:\/\/www.evaherzig.com\/impressum\/\",\"url\":\"https:\/\/www.evaherzig.com\/impressum\/\",\"name\":\"Impressum | Eva Herzig\",\"isPartOf\":{\"@id\":\"https:\/\/www.evaherzig.com\/#website\"},\"datePublished\":\"2011-08-07T15:00:35+00:00\",\"dateModified\":\"2023-12-01T15:00:13+00:00\",\"description\":\"Eva Herzig Impressum und Kontaktdaten.\",\"breadcrumb\":{\"@id\":\"https:\/\/www.evaherzig.com\/impressum\/#breadcrumb\"},\"inLanguage\":\"en-US\",\"potentialAction\":[{\"@type\":\"ReadAction\",\"target\":[\"https:\/\/www.evaherzig.com\/impressum\/\"]}]},{\"@type\":\"BreadcrumbList\",\"@id\":\"https:\/\/www.evaherzig.com\/impressum\/#breadcrumb\",\"itemListElement\":[{\"@type\":\"ListItem\",\"position\":1,\"name\":\"Home\",\"item\":\"https:\/\/www.evaherzig.com\/\"},{\"@type\":\"ListItem\",\"position\":2,\"name\":\"Impressum\"}]},{\"@type\":\"WebSite\",\"@id\":\"https:\/\/www.evaherzig.com\/#website\",\"url\":\"https:\/\/www.evaherzig.com\/\",\"name\":\"EVA HERZIG\",\"description\":\"Die offizielle Webseite\",\"potentialAction\":[{\"@type\":\"SearchAction\",\"target\":{\"@type\":\"EntryPoint\",\"urlTemplate\":\"https:\/\/www.evaherzig.com\/?s={search_term_string}\"},\"query-input\":\"required name=search_term_string\"}],\"inLanguage\":\"en-US\"}]}<\/script>\n<!-- \/ Yoast SEO plugin. -->","yoast_head_json":{"title":"Impressum | Eva Herzig","description":"Eva Herzig Impressum und Kontaktdaten.","robots":{"index":"index","follow":"follow","max-snippet":"max-snippet:-1","max-image-preview":"max-image-preview:large","max-video-preview":"max-video-preview:-1"},"canonical":"https:\/\/www.evaherzig.com\/en\/impressum\/","og_locale":"en_US","og_type":"article","og_title":"Impressum | Eva Herzig","og_description":"Eva Herzig Impressum und Kontaktdaten.","og_url":"https:\/\/www.evaherzig.com\/en\/impressum\/","og_site_name":"EVA HERZIG","article_modified_time":"2023-12-01T15:00:13+00:00","twitter_misc":{"Est. reading time":"1 minute"},"schema":{"@context":"https:\/\/schema.org","@graph":[{"@type":"WebPage","@id":"https:\/\/www.evaherzig.com\/impressum\/","url":"https:\/\/www.evaherzig.com\/impressum\/","name":"Impressum | Eva Herzig","isPartOf":{"@id":"https:\/\/www.evaherzig.com\/#website"},"datePublished":"2011-08-07T15:00:35+00:00","dateModified":"2023-12-01T15:00:13+00:00","description":"Eva Herzig Impressum und Kontaktdaten.","breadcrumb":{"@id":"https:\/\/www.evaherzig.com\/impressum\/#breadcrumb"},"inLanguage":"en-US","potentialAction":[{"@type":"ReadAction","target":["https:\/\/www.evaherzig.com\/impressum\/"]}]},{"@type":"BreadcrumbList","@id":"https:\/\/www.evaherzig.com\/impressum\/#breadcrumb","itemListElement":[{"@type":"ListItem","position":1,"name":"Home","item":"https:\/\/www.evaherzig.com\/"},{"@type":"ListItem","position":2,"name":"Impressum"}]},{"@type":"WebSite","@id":"https:\/\/www.evaherzig.com\/#website","url":"https:\/\/www.evaherzig.com\/","name":"EVA HERZIG","description":"Die offizielle Webseite","potentialAction":[{"@type":"SearchAction","target":{"@type":"EntryPoint","urlTemplate":"https:\/\/www.evaherzig.com\/?s={search_term_string}"},"query-input":"required name=search_term_string"}],"inLanguage":"en-US"}]}},"_links":{"self":[{"href":"https:\/\/www.evaherzig.com\/en\/wp-json\/wp\/v2\/pages\/759"}],"collection":[{"href":"https:\/\/www.evaherzig.com\/en\/wp-json\/wp\/v2\/pages"}],"about":[{"href":"https:\/\/www.evaherzig.com\/en\/wp-json\/wp\/v2\/types\/page"}],"author":[{"embeddable":true,"href":"https:\/\/www.evaherzig.com\/en\/wp-json\/wp\/v2\/users\/2"}],"replies":[{"embeddable":true,"href":"https:\/\/www.evaherzig.com\/en\/wp-json\/wp\/v2\/comments?post=759"}],"version-history":[{"count":21,"href":"https:\/\/www.evaherzig.com\/en\/wp-json\/wp\/v2\/pages\/759\/revisions"}],"predecessor-version":[{"id":11487,"href":"https:\/\/www.evaherzig.com\/en\/wp-json\/wp\/v2\/pages\/759\/revisions\/11487"}],"wp:attachment":[{"href":"https:\/\/www.evaherzig.com\/en\/wp-json\/wp\/v2\/media?parent=759"}],"curies":[{"name":"wp","href":"https:\/\/api.w.org\/{rel}","templated":true}]}}